{"id":1305,"date":"2024-09-19T13:59:51","date_gmt":"2024-09-19T13:59:51","guid":{"rendered":"https:\/\/tadolya.com.tr\/v2\/?page_id=1305"},"modified":"2025-09-02T08:41:49","modified_gmt":"2025-09-02T08:41:49","slug":"urunler-kategoriler","status":"publish","type":"page","link":"https:\/\/tadolya.com.tr\/?page_id=1305","title":{"rendered":"\u00dcr\u00fcnler"},"content":{"rendered":"\t\t<div data-elementor-type=\"wp-page\" data-elementor-id=\"1305\" class=\"elementor elementor-1305\">\n\t\t\t\t<div class=\"elementor-element elementor-element-bac7464 e-flex e-con-boxed e-con e-parent\" data-id=\"bac7464\" data-element_type=\"container\">\n\t\t\t\t\t<div class=\"e-con-inner\">\n\t\t\t\t<div class=\"elementor-element elementor-element-3471dbf premium-title-icon-row elementor-widget elementor-widget-premium-addon-title\" data-id=\"3471dbf\" data-element_type=\"widget\" data-widget_type=\"premium-addon-title.default\">\n\t\t\t\t<div class=\"elementor-widget-container\">\n\t\t\t\t\t\n\t\t<div class=\"premium-title-container style9\">\n\t\t\t<h2 class=\"premium-title-header premium-title-style9 premium-con-lq__\" data-blur-delay=\"2\">\n\t\t\t\t\n\t\t\t\t\t\t\t\t\t\t\t\t\t\t\t<svg class=\"premium-title-icon premium-svg-nodraw premium-drawable-icon e-font-icon-svg e-fas-chevron-right\" aria-hidden=\"true\" viewBox=\"0 0 320 512\" xmlns=\"http:\/\/www.w3.org\/2000\/svg\"><path d=\"M285.476 272.971L91.132 467.314c-9.373 9.373-24.569 9.373-33.941 0l-22.667-22.667c-9.357-9.357-9.375-24.522-.04-33.901L188.505 256 34.484 101.255c-9.335-9.379-9.317-24.544.04-33.901l22.667-22.667c9.373-9.373 24.569-9.373 33.941 0L285.475 239.03c9.373 9.372 9.373 24.568.001 33.941z\"><\/path><\/svg>\n\t\t\t\t\t\t\t\t\t\n\t\t\t\t\t\t\t\t<span><span class=\"premium-title-style9-letter\" data-letter-index=\"1\" data-letter=\"N\">N<\/span><span class=\"premium-title-style9-letter\" data-letter-index=\"2\" data-letter=\"e\">e<\/span><span class=\"premium-title-style9-letter\" data-letter-index=\"3\" data-letter=\"l\">l<\/span><span class=\"premium-title-style9-letter\" data-letter-index=\"4\" data-letter=\"e\">e<\/span><span class=\"premium-title-style9-letter\" data-letter-index=\"5\" data-letter=\"r\">r<\/span><span class=\"premium-title-style9-letter\" data-letter-index=\"6\" data-letter=\" \"> <\/span><span class=\"premium-title-style9-letter\" data-letter-index=\"7\" data-letter=\"\u00dc\">\u00dc<\/span><span class=\"premium-title-style9-letter\" data-letter-index=\"8\" data-letter=\"r\">r<\/span><span class=\"premium-title-style9-letter\" data-letter-index=\"9\" data-letter=\"e\">e<\/span><span class=\"premium-title-style9-letter\" data-letter-index=\"10\" data-letter=\"t\">t<\/span><span class=\"premium-title-style9-letter\" data-letter-index=\"11\" data-letter=\"i\">i<\/span><span class=\"premium-title-style9-letter\" data-letter-index=\"12\" data-letter=\"y\">y<\/span><span class=\"premium-title-style9-letter\" data-letter-index=\"13\" data-letter=\"o\">o<\/span><span class=\"premium-title-style9-letter\" data-letter-index=\"14\" data-letter=\"r\">r<\/span><span class=\"premium-title-style9-letter\" data-letter-index=\"15\" data-letter=\"u\">u<\/span><span class=\"premium-title-style9-letter\" data-letter-index=\"16\" data-letter=\"z\">z<\/span><span class=\"premium-title-style9-letter\" data-letter-index=\"17\" data-letter=\"?\">?<\/span><\/span>\t\t\t\t\n\t\t\t\t\t\t\t\t\t\t\t<\/h2>\n\t\t<\/div>\n\n\t\t\t\t\t\t<\/div>\n\t\t\t\t<\/div>\n\t\t\t\t\t<\/div>\n\t\t\t\t<\/div>\n\t\t\t\t<section class=\"elementor-section elementor-top-section elementor-element elementor-element-cf15e77 elementor-section-stretched elementor-section-boxed elementor-section-height-default elementor-section-height-default\" data-id=\"cf15e77\" data-element_type=\"section\" data-settings=\"{&quot;stretch_section&quot;:&quot;section-stretched&quot;}\">\n\t\t\t\t\t\t<div class=\"elementor-container elementor-column-gap-extended\">\n\t\t\t\t\t<div class=\"elementor-column elementor-col-25 elementor-top-column elementor-element elementor-element-205df0c\" data-id=\"205df0c\" data-element_type=\"column\">\n\t\t\t<div class=\"elementor-widget-wrap elementor-element-populated\">\n\t\t\t\t\t\t<div class=\"elementor-element elementor-element-80a036b elementor-position-top elementor-widget elementor-widget-image-box\" data-id=\"80a036b\" data-element_type=\"widget\" data-widget_type=\"image-box.default\">\n\t\t\t\t<div class=\"elementor-widget-container\">\n\t\t\t\t\t<div class=\"elementor-image-box-wrapper\"><figure class=\"elementor-image-box-img\"><a href=\"https:\/\/tadolya.com.tr\/?page_id=2389\" tabindex=\"-1\"><img decoding=\"async\" src=\"https:\/\/tadolya.com.tr\/wp-content\/uploads\/elementor\/thumbs\/baklava-qova0yxn6vooe32bfhtb9p46r6fhkj0dc96bvka7l4.png\" title=\"baklava\" alt=\"baklava\" loading=\"lazy\" \/><\/a><\/figure><div class=\"elementor-image-box-content\"><h4 class=\"elementor-image-box-title\"><a href=\"https:\/\/tadolya.com.tr\/?page_id=2389\">\u015eerbetli Tatl\u0131lar<\/a><\/h4><\/div><\/div>\t\t\t\t<\/div>\n\t\t\t\t<\/div>\n\t\t\t\t\t<\/div>\n\t\t<\/div>\n\t\t\t\t<div class=\"elementor-column elementor-col-25 elementor-top-column elementor-element elementor-element-60ee351\" data-id=\"60ee351\" data-element_type=\"column\">\n\t\t\t<div class=\"elementor-widget-wrap elementor-element-populated\">\n\t\t\t\t\t\t<div class=\"elementor-element elementor-element-66ff221 elementor-position-top elementor-widget elementor-widget-image-box\" data-id=\"66ff221\" data-element_type=\"widget\" data-widget_type=\"image-box.default\">\n\t\t\t\t<div class=\"elementor-widget-container\">\n\t\t\t\t\t<div class=\"elementor-image-box-wrapper\"><figure class=\"elementor-image-box-img\"><a href=\"https:\/\/tadolya.com.tr\/?page_id=1335\" tabindex=\"-1\"><img decoding=\"async\" src=\"https:\/\/tadolya.com.tr\/wp-content\/uploads\/elementor\/thumbs\/donuk-pasta-qp609k1lha0kqxvketu4lx95rkhrxx95pkfrc3tbzc.png\" title=\"donuk-pasta\" alt=\"donuk-pasta\" loading=\"lazy\" \/><\/a><\/figure><div class=\"elementor-image-box-content\"><h4 class=\"elementor-image-box-title\"><a href=\"https:\/\/tadolya.com.tr\/?page_id=1335\">Donuk Pasta<\/a><\/h4><\/div><\/div>\t\t\t\t<\/div>\n\t\t\t\t<\/div>\n\t\t\t\t\t<\/div>\n\t\t<\/div>\n\t\t\t\t<div class=\"elementor-column elementor-col-25 elementor-top-column elementor-element elementor-element-1243d4a\" data-id=\"1243d4a\" data-element_type=\"column\">\n\t\t\t<div class=\"elementor-widget-wrap elementor-element-populated\">\n\t\t\t\t\t\t<div class=\"elementor-element elementor-element-e06b1f2 elementor-position-top elementor-widget elementor-widget-image-box\" data-id=\"e06b1f2\" data-element_type=\"widget\" data-widget_type=\"image-box.default\">\n\t\t\t\t<div class=\"elementor-widget-container\">\n\t\t\t\t\t<div class=\"elementor-image-box-wrapper\"><figure class=\"elementor-image-box-img\"><a href=\"https:\/\/tadolya.com.tr\/?page_id=1254\" tabindex=\"-1\"><img decoding=\"async\" src=\"https:\/\/tadolya.com.tr\/wp-content\/uploads\/elementor\/thumbs\/kek-qov9jri0324pv222wk264jffa98lnzp9b39cm7snhk.png\" title=\"kek\" alt=\"kek\" loading=\"lazy\" \/><\/a><\/figure><div class=\"elementor-image-box-content\"><h4 class=\"elementor-image-box-title\"><a href=\"https:\/\/tadolya.com.tr\/?page_id=1254\">Kek & M\u00fcffin<\/a><\/h4><\/div><\/div>\t\t\t\t<\/div>\n\t\t\t\t<\/div>\n\t\t\t\t\t<\/div>\n\t\t<\/div>\n\t\t\t\t<div class=\"elementor-column elementor-col-25 elementor-top-column elementor-element elementor-element-812ac9a\" data-id=\"812ac9a\" data-element_type=\"column\">\n\t\t\t<div class=\"elementor-widget-wrap elementor-element-populated\">\n\t\t\t\t\t\t<div class=\"elementor-element elementor-element-b58a1ed elementor-position-top elementor-widget elementor-widget-image-box\" data-id=\"b58a1ed\" data-element_type=\"widget\" data-widget_type=\"image-box.default\">\n\t\t\t\t<div class=\"elementor-widget-container\">\n\t\t\t\t\t<div class=\"elementor-image-box-wrapper\"><figure class=\"elementor-image-box-img\"><a href=\"https:\/\/tadolya.com.tr\/?page_id=1296\" tabindex=\"-1\"><img decoding=\"async\" src=\"https:\/\/tadolya.com.tr\/wp-content\/uploads\/elementor\/thumbs\/paketli-urunler-qp5zr0o6owmzrssyntd0flnvzzv64tnqht90lnaup4.png\" title=\"paketli-\u00fcr\u00fcnler\" alt=\"paketli-\u00fcr\u00fcnler\" loading=\"lazy\" \/><\/a><\/figure><div class=\"elementor-image-box-content\"><h4 class=\"elementor-image-box-title\"><a href=\"https:\/\/tadolya.com.tr\/?page_id=1296\">Paketli \u00dcr\u00fcnler<\/a><\/h4><\/div><\/div>\t\t\t\t<\/div>\n\t\t\t\t<\/div>\n\t\t\t\t\t<\/div>\n\t\t<\/div>\n\t\t\t\t\t<\/div>\n\t\t<\/section>\n\t\t\t\t<section class=\"elementor-section elementor-top-section elementor-element elementor-element-3766f95 elementor-section-stretched elementor-section-boxed elementor-section-height-default elementor-section-height-default\" data-id=\"3766f95\" data-element_type=\"section\" data-settings=\"{&quot;stretch_section&quot;:&quot;section-stretched&quot;}\">\n\t\t\t\t\t\t<div class=\"elementor-container elementor-column-gap-extended\">\n\t\t\t\t\t<div class=\"elementor-column elementor-col-25 elementor-top-column elementor-element elementor-element-a5aa917\" data-id=\"a5aa917\" data-element_type=\"column\">\n\t\t\t<div class=\"elementor-widget-wrap elementor-element-populated\">\n\t\t\t\t\t\t<div class=\"elementor-element elementor-element-1280d58 elementor-position-top elementor-widget elementor-widget-image-box\" data-id=\"1280d58\" data-element_type=\"widget\" data-widget_type=\"image-box.default\">\n\t\t\t\t<div class=\"elementor-widget-container\">\n\t\t\t\t\t<div class=\"elementor-image-box-wrapper\"><figure class=\"elementor-image-box-img\"><a href=\"https:\/\/tadolya.com.tr\/?page_id=1275\" tabindex=\"-1\"><img decoding=\"async\" src=\"https:\/\/tadolya.com.tr\/wp-content\/uploads\/elementor\/thumbs\/borek-qov9o7akcw7gorlyzh4qwf3s9rd00jbml25w797q3s.png\" title=\"b\u00f6rek\" alt=\"b\u00f6rek\" loading=\"lazy\" \/><\/a><\/figure><div class=\"elementor-image-box-content\"><h4 class=\"elementor-image-box-title\"><a href=\"https:\/\/tadolya.com.tr\/?page_id=1275\">B\u00f6rekler<\/a><\/h4><\/div><\/div>\t\t\t\t<\/div>\n\t\t\t\t<\/div>\n\t\t\t\t\t<\/div>\n\t\t<\/div>\n\t\t\t\t<div class=\"elementor-column elementor-col-25 elementor-top-column elementor-element elementor-element-73806b8\" data-id=\"73806b8\" data-element_type=\"column\">\n\t\t\t<div class=\"elementor-widget-wrap elementor-element-populated\">\n\t\t\t\t\t\t<div class=\"elementor-element elementor-element-6548fe0 elementor-position-top elementor-widget elementor-widget-image-box\" data-id=\"6548fe0\" data-element_type=\"widget\" data-widget_type=\"image-box.default\">\n\t\t\t\t<div class=\"elementor-widget-container\">\n\t\t\t\t\t<div class=\"elementor-image-box-wrapper\"><figure class=\"elementor-image-box-img\"><a href=\"https:\/\/tadolya.com.tr\/?page_id=1280\" tabindex=\"-1\"><img decoding=\"async\" src=\"https:\/\/tadolya.com.tr\/wp-content\/uploads\/elementor\/thumbs\/corek-1-qp5zkhoj8bpb5aaarzsa48ynho1eohqu9i5mmgz9wo.png\" title=\"\u00e7\u00f6rek\" alt=\"\u00e7\u00f6rek\" loading=\"lazy\" \/><\/a><\/figure><div class=\"elementor-image-box-content\"><h4 class=\"elementor-image-box-title\"><a href=\"https:\/\/tadolya.com.tr\/?page_id=1280\">\u00c7\u00f6rekler<\/a><\/h4><\/div><\/div>\t\t\t\t<\/div>\n\t\t\t\t<\/div>\n\t\t\t\t\t<\/div>\n\t\t<\/div>\n\t\t\t\t<div class=\"elementor-column elementor-col-25 elementor-top-column elementor-element elementor-element-2b313a7\" data-id=\"2b313a7\" data-element_type=\"column\">\n\t\t\t<div class=\"elementor-widget-wrap elementor-element-populated\">\n\t\t\t\t\t\t<div class=\"elementor-element elementor-element-bece1c4 elementor-position-top elementor-widget elementor-widget-image-box\" data-id=\"bece1c4\" data-element_type=\"widget\" data-widget_type=\"image-box.default\">\n\t\t\t\t<div class=\"elementor-widget-container\">\n\t\t\t\t\t<div class=\"elementor-image-box-wrapper\"><figure class=\"elementor-image-box-img\"><a href=\"https:\/\/tadolya.com.tr\/?page_id=1265\" tabindex=\"-1\"><img decoding=\"async\" src=\"https:\/\/tadolya.com.tr\/wp-content\/uploads\/elementor\/thumbs\/kurabiye-qov9rjlwnos5yur7gx4zrkqsb2vzdsl9plo1mo9bzc.png\" title=\"kurabiye\" alt=\"kurabiye\" loading=\"lazy\" \/><\/a><\/figure><div class=\"elementor-image-box-content\"><h4 class=\"elementor-image-box-title\"><a href=\"https:\/\/tadolya.com.tr\/?page_id=1265\">Kurabiye<\/a><\/h4><\/div><\/div>\t\t\t\t<\/div>\n\t\t\t\t<\/div>\n\t\t\t\t\t<\/div>\n\t\t<\/div>\n\t\t\t\t<div class=\"elementor-column elementor-col-25 elementor-top-column elementor-element elementor-element-76aca7e\" data-id=\"76aca7e\" data-element_type=\"column\">\n\t\t\t<div class=\"elementor-widget-wrap elementor-element-populated\">\n\t\t\t\t\t\t<div class=\"elementor-element elementor-element-adc91fc elementor-position-top elementor-widget elementor-widget-image-box\" data-id=\"adc91fc\" data-element_type=\"widget\" data-widget_type=\"image-box.default\">\n\t\t\t\t<div class=\"elementor-widget-container\">\n\t\t\t\t\t<div class=\"elementor-image-box-wrapper\"><figure class=\"elementor-image-box-img\"><a href=\"https:\/\/tadolya.com.tr\/?page_id=1161\" tabindex=\"-1\"><img decoding=\"async\" src=\"https:\/\/tadolya.com.tr\/wp-content\/uploads\/elementor\/thumbs\/simit-qova4c6toianzs66rg86pcindvtu5hdqsxbys9afag.png\" title=\"simit\" alt=\"simit\" loading=\"lazy\" \/><\/a><\/figure><div class=\"elementor-image-box-content\"><h4 class=\"elementor-image-box-title\"><a href=\"https:\/\/tadolya.com.tr\/?page_id=1161\">Simit<\/a><\/h4><\/div><\/div>\t\t\t\t<\/div>\n\t\t\t\t<\/div>\n\t\t\t\t\t<\/div>\n\t\t<\/div>\n\t\t\t\t\t<\/div>\n\t\t<\/section>\n\t\t\t\t<section class=\"elementor-section elementor-top-section elementor-element elementor-element-8c64bab elementor-section-stretched elementor-section-boxed elementor-section-height-default elementor-section-height-default\" data-id=\"8c64bab\" data-element_type=\"section\" data-settings=\"{&quot;stretch_section&quot;:&quot;section-stretched&quot;}\">\n\t\t\t\t\t\t<div class=\"elementor-container elementor-column-gap-extended\">\n\t\t\t\t\t<div class=\"elementor-column elementor-col-25 elementor-top-column elementor-element elementor-element-6b45d14\" data-id=\"6b45d14\" data-element_type=\"column\">\n\t\t\t<div class=\"elementor-widget-wrap elementor-element-populated\">\n\t\t\t\t\t\t<div class=\"elementor-element elementor-element-f9a3ae1 elementor-position-top elementor-widget elementor-widget-image-box\" data-id=\"f9a3ae1\" data-element_type=\"widget\" data-widget_type=\"image-box.default\">\n\t\t\t\t<div class=\"elementor-widget-container\">\n\t\t\t\t\t<div class=\"elementor-image-box-wrapper\"><figure class=\"elementor-image-box-img\"><a href=\"https:\/\/tadolya.com.tr\/?page_id=1323\" tabindex=\"-1\"><img decoding=\"async\" src=\"https:\/\/tadolya.com.tr\/wp-content\/uploads\/elementor\/thumbs\/sutlu-tatlilar-qp603phqye0ciadekatp3edwp9bk1q1a8mazu4hip4.png\" title=\"s\u00fctl\u00fc-tatl\u0131lar\" alt=\"s\u00fctl\u00fc-tatl\u0131lar\" loading=\"lazy\" \/><\/a><\/figure><div class=\"elementor-image-box-content\"><h4 class=\"elementor-image-box-title\"><a href=\"https:\/\/tadolya.com.tr\/?page_id=1323\">S\u00fctl\u00fc Tatl\u0131lar<\/a><\/h4><\/div><\/div>\t\t\t\t<\/div>\n\t\t\t\t<\/div>\n\t\t\t\t\t<\/div>\n\t\t<\/div>\n\t\t\t\t<div class=\"elementor-column elementor-col-25 elementor-top-column elementor-element elementor-element-3fdb936\" data-id=\"3fdb936\" data-element_type=\"column\">\n\t\t\t<div class=\"elementor-widget-wrap elementor-element-populated\">\n\t\t\t\t\t\t<div class=\"elementor-element elementor-element-c07865a elementor-position-top elementor-widget elementor-widget-image-box\" data-id=\"c07865a\" data-element_type=\"widget\" data-widget_type=\"image-box.default\">\n\t\t\t\t<div class=\"elementor-widget-container\">\n\t\t\t\t\t<div class=\"elementor-image-box-wrapper\"><figure class=\"elementor-image-box-img\"><a href=\"https:\/\/tadolya.com.tr\/?page_id=1329\" tabindex=\"-1\"><img decoding=\"async\" src=\"https:\/\/tadolya.com.tr\/wp-content\/uploads\/elementor\/thumbs\/pasta-qov9u5lrn4cu7uyo81roox0vpm0oriyfeiwlmcdyp4.png\" title=\"pasta\" alt=\"pasta\" loading=\"lazy\" \/><\/a><\/figure><div class=\"elementor-image-box-content\"><h4 class=\"elementor-image-box-title\"><a href=\"https:\/\/tadolya.com.tr\/?page_id=1329\">Ya\u015f Pasta<\/a><\/h4><\/div><\/div>\t\t\t\t<\/div>\n\t\t\t\t<\/div>\n\t\t\t\t\t<\/div>\n\t\t<\/div>\n\t\t\t\t<div class=\"elementor-column elementor-col-25 elementor-top-column elementor-element elementor-element-70ef239\" data-id=\"70ef239\" data-element_type=\"column\">\n\t\t\t<div class=\"elementor-widget-wrap elementor-element-populated\">\n\t\t\t\t\t\t<div class=\"elementor-element elementor-element-e5a6320 elementor-position-top elementor-widget elementor-widget-image-box\" data-id=\"e5a6320\" data-element_type=\"widget\" data-widget_type=\"image-box.default\">\n\t\t\t\t<div class=\"elementor-widget-container\">\n\t\t\t\t\t<div class=\"elementor-image-box-wrapper\"><figure class=\"elementor-image-box-img\"><a href=\"https:\/\/tadolya.com.tr\/?page_id=1245\" tabindex=\"-1\"><img decoding=\"async\" src=\"https:\/\/tadolya.com.tr\/wp-content\/uploads\/elementor\/thumbs\/mayali-qov9xf3ldetoj4805yk1uldhyrxkhowviogalxjr3c.png\" title=\"mayal\u0131\" alt=\"mayal\u0131\" loading=\"lazy\" \/><\/a><\/figure><div class=\"elementor-image-box-content\"><h4 class=\"elementor-image-box-title\"><a href=\"https:\/\/tadolya.com.tr\/?page_id=1245\">Po\u011faca & A\u00e7ma<\/a><\/h4><\/div><\/div>\t\t\t\t<\/div>\n\t\t\t\t<\/div>\n\t\t\t\t\t<\/div>\n\t\t<\/div>\n\t\t\t\t<div class=\"elementor-column elementor-col-25 elementor-top-column elementor-element elementor-element-167d233\" data-id=\"167d233\" data-element_type=\"column\">\n\t\t\t<div class=\"elementor-widget-wrap elementor-element-populated\">\n\t\t\t\t\t\t<div class=\"elementor-element elementor-element-c0b7465 elementor-position-top elementor-widget elementor-widget-image-box\" data-id=\"c0b7465\" data-element_type=\"widget\" data-widget_type=\"image-box.default\">\n\t\t\t\t<div class=\"elementor-widget-container\">\n\t\t\t\t\t<div class=\"elementor-image-box-wrapper\"><figure class=\"elementor-image-box-img\"><a href=\"https:\/\/tadolya.com.tr\/?page_id=1340\" tabindex=\"-1\"><img decoding=\"async\" src=\"https:\/\/tadolya.com.tr\/wp-content\/uploads\/elementor\/thumbs\/ekmek-qova7iv4uannc7jm5tso5jkvuw4m8k0zwox7c0ke7c.png\" title=\"ekmek\" alt=\"ekmek\" loading=\"lazy\" \/><\/a><\/figure><div class=\"elementor-image-box-content\"><h4 class=\"elementor-image-box-title\"><a href=\"https:\/\/tadolya.com.tr\/?page_id=1340\">Ekmekler<\/a><\/h4><\/div><\/div>\t\t\t\t<\/div>\n\t\t\t\t<\/div>\n\t\t\t\t\t<\/div>\n\t\t<\/div>\n\t\t\t\t\t<\/div>\n\t\t<\/section>\n\t\t\t\t<section class=\"elementor-section elementor-top-section elementor-element elementor-element-553bb28 elementor-section-stretched elementor-section-boxed elementor-section-height-default elementor-section-height-default\" data-id=\"553bb28\" data-element_type=\"section\" data-settings=\"{&quot;stretch_section&quot;:&quot;section-stretched&quot;}\">\n\t\t\t\t\t\t<div class=\"elementor-container elementor-column-gap-extended\">\n\t\t\t\t\t<div class=\"elementor-column elementor-col-50 elementor-top-column elementor-element elementor-element-3b69160\" data-id=\"3b69160\" data-element_type=\"column\">\n\t\t\t<div class=\"elementor-widget-wrap\">\n\t\t\t\t\t\t\t<\/div>\n\t\t<\/div>\n\t\t\t\t<div class=\"elementor-column elementor-col-50 elementor-top-column elementor-element elementor-element-91613dd\" data-id=\"91613dd\" data-element_type=\"column\">\n\t\t\t<div class=\"elementor-widget-wrap\">\n\t\t\t\t\t\t\t<\/div>\n\t\t<\/div>\n\t\t\t\t\t<\/div>\n\t\t<\/section>\n\t\t<div class=\"elementor-element elementor-element-98434e3 e-flex e-con-boxed e-con e-parent\" data-id=\"98434e3\" data-element_type=\"container\">\n\t\t\t\t\t<div class=\"e-con-inner\">\n\t\t\t\t<div class=\"elementor-element elementor-element-0987c11 elementor-widget elementor-widget-text-editor\" data-id=\"0987c11\" data-element_type=\"widget\" data-widget_type=\"text-editor.default\">\n\t\t\t\t<div class=\"elementor-widget-container\">\n\t\t\t\t\t\t\t\t\t<p class=\"p1\"><b>Tadolya\u2019n\u0131n Yenilik\u00e7i Lezzetleri<\/b><b><\/b><\/p><p class=\"p3\">Tadolya olarak, sofralar\u0131n\u0131za lezzet katacak geni\u015f bir \u00fcr\u00fcn yelpazesi sunuyoruz. Her biri \u00f6zenle haz\u0131rlanm\u0131\u015f ve benzersiz tatlarla zenginle\u015ftirilmi\u015f \u00fcr\u00fcnlerimiz, g\u00fcnl\u00fck tatl\u0131 ve tuzlu ihtiyac\u0131n\u0131z\u0131 kar\u015f\u0131lamak i\u00e7in haz\u0131r.<\/p><p class=\"p4\">\u2022<b>Simit<\/b>: Geleneksel lezzetimiz simit, \u00e7\u0131t\u0131r d\u0131\u015f kabu\u011fu ve yumu\u015fak i\u00e7 dokusuyla m\u00fckemmel bir at\u0131\u015ft\u0131rmal\u0131k.<\/p><p class=\"p4\">\u2022<b>Po\u011fa\u00e7a &amp; A\u00e7ma<\/b>: Yumu\u015fac\u0131k hamuruyla po\u011fa\u00e7a ve a\u00e7ma \u00e7e\u015fitlerimiz, kahvalt\u0131lar\u0131n ve ara \u00f6\u011f\u00fcnlerin vazge\u00e7ilmezi.<\/p><p class=\"p4\">\u2022<b>Kek &amp; M\u00fcffin<\/b>: Kek ve m\u00fcffinlerimiz, tatl\u0131 krizlerinizi an\u0131nda \u00e7\u00f6zmek i\u00e7in ideal.<\/p><p class=\"p4\">\u2022<b>B\u00f6rek<\/b>: F\u0131r\u0131ndan yeni \u00e7\u0131km\u0131\u015f b\u00f6reklerimiz, incecik yufkas\u0131 ve zengin i\u00e7 harc\u0131yla her lokmada lezzet sunar.<\/p><p class=\"p4\">\u2022<b>\u00c7\u00f6rek<\/b>: Klasik \u00e7\u00f6rek tariflerimiz, taptaze ve enfes tatlar\u0131yla damaklarda iz b\u0131rak\u0131r.<\/p><p class=\"p4\">\u2022<b>Kuru Pasta<\/b>: \u00c7ay saatlerinize lezzet katan kuru pastalar\u0131m\u0131z, tatl\u0131 anlar\u0131n\u0131za keyif katar.<\/p><p class=\"p4\">\u2022<b>Paketli \u00dcr\u00fcnler<\/b>: Pratik paketli \u00fcr\u00fcnlerimiz, her zaman taze ve lezzetli tatlar sunar.<\/p><p class=\"p4\">\u2022<b>\u015eerbetli Tatl\u0131<\/b>: Tatl\u0131 krizlerinizi dindirecek \u015ferbetli tatl\u0131lar\u0131m\u0131z, a\u011f\u0131zda eriyen yap\u0131lar\u0131yla \u00f6zel anlar\u0131n\u0131za e\u015flik eder.<\/p><p class=\"p4\">\u2022<b>S\u00fctl\u00fc Tatl\u0131<\/b>: Hafif ve kremams\u0131 s\u00fctl\u00fc tatl\u0131lar\u0131m\u0131z, her dama\u011fa hitap eder.<\/p><p class=\"p4\">\u2022<b>Ya\u015f Pasta<\/b>: \u00d6zel g\u00fcnlerinize \u00f6zel ya\u015f pastalar\u0131m\u0131z, g\u00f6rsel ve lezzet \u015f\u00f6leni sunar.<\/p><p class=\"p4\">\u2022<b>Donuk Pasta<\/b>: Pratik ve taze donuk pastalar\u0131m\u0131z, aniden gelen misafirler i\u00e7in m\u00fckemmel bir \u00e7\u00f6z\u00fcm sunar.<\/p><p class=\"p4\">\u2022<b>Ekmek<\/b>: G\u00fcnl\u00fck ekmek \u00e7e\u015fitlerimiz, taptaze ve sa\u011fl\u0131kl\u0131 se\u00e7enekler sunar.<\/p><p class=\"p3\">Tadolya\u2019n\u0131n yenilik\u00e7i lezzetleriyle sofralar\u0131n\u0131za tat katmak i\u00e7in buraday\u0131z. Her bir \u00fcr\u00fcn\u00fcm\u00fcz, kalite ve lezzeti bir araya getirerek size e\u015fsiz bir deneyim sunar.<\/p>\t\t\t\t\t\t\t\t<\/div>\n\t\t\t\t<\/div>\n\t\t\t\t\t<\/div>\n\t\t\t\t<\/div>\n\t\t\t\t<\/div>\n\t\t","protected":false},"excerpt":{"rendered":"<p>Neler \u00dcretiyoruz? \u015eerbetli Tatl\u0131lar Donuk Pasta Kek &#038; M\u00fcffin Paketli \u00dcr\u00fcnler B\u00f6rekler \u00c7\u00f6rekler Kurabiye Simit S\u00fctl\u00fc Tatl\u0131lar Ya\u015f Pasta Po\u011faca &#038; A\u00e7ma Ekmekler Tadolya\u2019n\u0131n Yenilik\u00e7i Lezzetleri Tadolya olarak, sofralar\u0131n\u0131za lezzet katacak geni\u015f bir \u00fcr\u00fcn yelpazesi sunuyoruz. Her biri \u00f6zenle haz\u0131rlanm\u0131\u015f ve benzersiz tatlarla zenginle\u015ftirilmi\u015f \u00fcr\u00fcnlerimiz, g\u00fcnl\u00fck tatl\u0131 ve tuzlu ihtiyac\u0131n\u0131z\u0131 kar\u015f\u0131lamak i\u00e7in haz\u0131r. \u2022Simit: Geleneksel lezzetimiz simit, \u00e7\u0131t\u0131r d\u0131\u015f kabu\u011fu ve yumu\u015fak i\u00e7 dokusuyla m\u00fckemmel bir at\u0131\u015ft\u0131rmal\u0131k. \u2022Po\u011fa\u00e7a &amp; A\u00e7ma: Yumu\u015fac\u0131k hamuruyla po\u011fa\u00e7a ve &hellip;<\/p>\n<p class=\"read-more\"> <a class=\"\" href=\"https:\/\/tadolya.com.tr\/?page_id=1305\"> <span class=\"screen-reader-text\">\u00dcr\u00fcnler<\/span>Read More &raquo;<\/a><\/p>\n","protected":false},"author":2,"featured_media":0,"parent":0,"menu_order":0,"comment_status":"closed","ping_status":"closed","template":"elementor_header_footer","meta":{"footnotes":""},"class_list":["post-1305","page","type-page","status-publish","hentry"],"pbg_featured_image_src":{"full":false,"thumbnail":false,"medium":false,"medium_large":false,"large":false,"1536x1536":false,"2048x2048":false},"pbg_author_info":{"display_name":"admin","author_link":"https:\/\/tadolya.com.tr\/?author=2","author_img":"<img alt='admin' src='https:\/\/secure.gravatar.com\/avatar\/1762879a6e5415143ef6e86bbde440cbc737c41b8cd4992cce9f3935f1984375?s=128&#038;d=mm&#038;r=g' srcset='https:\/\/secure.gravatar.com\/avatar\/1762879a6e5415143ef6e86bbde440cbc737c41b8cd4992cce9f3935f1984375?s=256&#038;d=mm&#038;r=g 2x' class='avatar avatar-128 photo' height='128' width='128' decoding='async'\/>"},"pbg_comment_info":" No Comments","pbg_excerpt":"Neler \u00dcretiyoruz? \u015eerbetli Tatl\u0131lar Donuk Pasta Kek &#038; M\u00fcffin Paketli \u00dcr\u00fcnler B\u00f6rekler \u00c7\u00f6rekler Kurabiye Simit S\u00fctl\u00fc Tatl\u0131lar Ya\u015f Pasta Po\u011faca &#038; A\u00e7ma Ekmekler Tadolya\u2019n\u0131n Yenilik\u00e7i Lezzetleri Tadolya olarak, sofralar\u0131n\u0131za lezzet katacak geni\u015f bir \u00fcr\u00fcn yelpazesi sunuyoruz. Her biri \u00f6zenle haz\u0131rlanm\u0131\u015f ve benzersiz tatlarla zenginle\u015ftirilmi\u015f \u00fcr\u00fcnlerimiz, g\u00fcnl\u00fck tatl\u0131 ve tuzlu ihtiyac\u0131n\u0131z\u0131 kar\u015f\u0131lamak i\u00e7in haz\u0131r. \u2022Simit: Geleneksel&hellip;","_links":{"self":[{"href":"https:\/\/tadolya.com.tr\/index.php?rest_route=\/wp\/v2\/pages\/1305","targetHints":{"allow":["GET"]}}],"collection":[{"href":"https:\/\/tadolya.com.tr\/index.php?rest_route=\/wp\/v2\/pages"}],"about":[{"href":"https:\/\/tadolya.com.tr\/index.php?rest_route=\/wp\/v2\/types\/page"}],"author":[{"embeddable":true,"href":"https:\/\/tadolya.com.tr\/index.php?rest_route=\/wp\/v2\/users\/2"}],"replies":[{"embeddable":true,"href":"https:\/\/tadolya.com.tr\/index.php?rest_route=%2Fwp%2Fv2%2Fcomments&post=1305"}],"version-history":[{"count":102,"href":"https:\/\/tadolya.com.tr\/index.php?rest_route=\/wp\/v2\/pages\/1305\/revisions"}],"predecessor-version":[{"id":2536,"href":"https:\/\/tadolya.com.tr\/index.php?rest_route=\/wp\/v2\/pages\/1305\/revisions\/2536"}],"wp:attachment":[{"href":"https:\/\/tadolya.com.tr\/index.php?rest_route=%2Fwp%2Fv2%2Fmedia&parent=1305"}],"curies":[{"name":"wp","href":"https:\/\/api.w.org\/{rel}","templated":true}]}}